{"id":46,"date":"2017-12-08T16:35:15","date_gmt":"2017-12-08T15:35:15","guid":{"rendered":"http:\/\/pizzaemozza.fr\/?page_id=46"},"modified":"2018-05-23T15:11:51","modified_gmt":"2018-05-23T13:11:51","slug":"horaires-douverture","status":"publish","type":"page","link":"https:\/\/pizzaemozza.fr\/index.php\/horaires-douverture\/","title":{"rendered":"Horaires d&rsquo;ouverture"},"content":{"rendered":"<p>Du lundi au vendredi : de 12h \u00e0 14h30 et 19h \u00e0 22h45<\/p>\n<p>Le samedi et dimanche : de 11h30 \u00e0 22h45<\/p>\n","protected":false},"excerpt":{"rendered":"<p>Du lundi au vendredi : de 12h \u00e0 14h30 et 19h \u00e0 22h45 Le samedi et dimanche : de 11h30 \u00e0 22h45<\/p>\n","protected":false},"author":1,"featured_media":0,"parent":0,"menu_order":0,"comment_status":"closed","ping_status":"closed","template":"","meta":{"footnotes":""},"class_list":["post-46","page","type-page","status-publish","hentry"],"_links":{"self":[{"href":"https:\/\/pizzaemozza.fr\/index.php\/wp-json\/wp\/v2\/pages\/46","targetHints":{"allow":["GET"]}}],"collection":[{"href":"https:\/\/pizzaemozza.fr\/index.php\/wp-json\/wp\/v2\/pages"}],"about":[{"href":"https:\/\/pizzaemozza.fr\/index.php\/wp-json\/wp\/v2\/types\/page"}],"author":[{"embeddable":true,"href":"https:\/\/pizzaemozza.fr\/index.php\/wp-json\/wp\/v2\/users\/1"}],"replies":[{"embeddable":true,"href":"https:\/\/pizzaemozza.fr\/index.php\/wp-json\/wp\/v2\/comments?post=46"}],"version-history":[{"count":4,"href":"https:\/\/pizzaemozza.fr\/index.php\/wp-json\/wp\/v2\/pages\/46\/revisions"}],"predecessor-version":[{"id":197,"href":"https:\/\/pizzaemozza.fr\/index.php\/wp-json\/wp\/v2\/pages\/46\/revisions\/197"}],"wp:attachment":[{"href":"https:\/\/pizzaemozza.fr\/index.php\/wp-json\/wp\/v2\/media?parent=46"}],"curies":[{"name":"wp","href":"https:\/\/api.w.org\/{rel}","templated":true}]}}